{"id":1870,"date":"2022-09-27T17:55:38","date_gmt":"2022-09-27T15:55:38","guid":{"rendered":"https:\/\/www.bared.it\/cookie-policy"},"modified":"2023-03-20T18:32:58","modified_gmt":"2023-03-20T17:32:58","slug":"cookie-policy","status":"publish","type":"page","link":"https:\/\/www.bared.it\/en\/cookie-policy","title":{"rendered":"Cookie policy"},"content":{"rendered":"<h3 class=\"mb-3\">0. Cosa sono i cookie<\/h3>\n<p>Il sito bared.it utilizza i cookie per rendere i propri servizi semplici ed efficienti per l\u2019utenza che ne visiona le pagine.<br \/>\nI cookie sono piccoli file di testo che i siti visitati dagli utenti inviano ai loro terminali, dove vengono memorizzati dei dati per essere ritrasmessi agli stessi siti in occasione di visite successive. I cookie possono avere diverse finalit\u00e0, hanno caratteristiche diverse, e possono essere utilizzati sia dal titolare del sito che si sta visitando, sia da terze parti.<br \/>\nEsistono vari tipi di cookie, a seconda delle loro caratteristiche e funzioni.<\/p>\n<h3 class=\"mt-5 mb-3\">1. Cookie tecnici<\/h3>\n<p>Questa tipologia di cookie permette il corretto funzionamento di alcune sezioni del sito.<br \/>\nI cookie tecnici sono di due categorie:<br \/>\n\u2022 persistenti: una volta chiuso il browser non vengono distrutti ma rimangono memorizzati fino ad una data di scadenza preimpostata;<br \/>\n\u2022 di sessione: vengono distrutti ogni volta che il browser viene chiuso.<\/p>\n<p>Questi cookie sono necessari per visualizzare correttamente il sito e in relazione ai servizi tecnici offerti, verranno quindi sempre utilizzati e inviati, a meno che l\u2019utenza non modifichi le impostazioni nel proprio browser. Tali cookie non richiedono un consenso esplicito per il loro utilizzo.<\/p>\n<p>Sono considerati cookie tecnici anche:<br \/>\n\u2022 i \u201ccookie analytics\u201d nel caso vengano utilizzati direttamente dal gestore del sito per raccogliere informazioni in forma aggregata, sul numero di utenti e su come questi visitano il sito;<br \/>\n\u2022 i cookie di navigazione o di sessione (necessari per l\u2019autenticazione);<br \/>\n\u2022 i cookie di funzionalit\u00e0 che migliorano l\u2019esperienza di navigazione dell\u2019utente.<\/p>\n<h3 class=\"mt-5 mb-3\">2. Cookie di profilazione<\/h3>\n<p>Questa tipologia di cookie \u00e8 volta a creare profili relativi all&#8217;utente e utilizzati al fine di inviare messaggi pubblicitari in linea con le preferenze manifestate dallo stesso nell&#8217;ambito della navigazione in rete. In questo caso, \u00e8 richiesto un preventivo consenso dell\u2019utente. I cookie di profilazione possono essere di due tipi:<br \/>\n\u2022 cookie di prima parte: cookie installati direttamente da Bared Srl;<br \/>\n\u2022 cookie di terze parti: cookie installati da soggetti diversi da Bared Srl.<\/p>\n<h3 class=\"mt-5 mb-3\">3. Cookie di terze parti<\/h3>\n<p>I cookie di terze parti, cio\u00e8 relativi a siti o web server diversi da bared.it, vengono utilizzati per finalit\u00e0 proprie di dette terze parti. Si precisa che tali soggetti terzi, successivamente elencati con i relativi collegamenti alle politiche sulla privacy, sono tipicamente autonomi titolari del trattamento dei dati raccolti attraverso i cookie da essi serviti; pertanto, si dovr\u00e0 fare riferimento alle loro politiche di trattamento di dati personali, informative e moduli di consenso.<\/p>\n<p>Per quanto concerne le terze parti che inviano cookie tramite il sito, abbiamo fornito i link alle rispettive informative privacy: a tali terze parti demandiamo, come gi\u00e0 precisato, la responsabilit\u00e0 di fornire l&#8217;informativa e raccogliere il suo consenso.<\/p>\n<p>Detta responsabilit\u00e0 \u00e8 da riferirsi non solo ai cookie che le terze parti inviano direttamente, ma anche ad eventuali ulteriori cookie che vengono inviati tramite il sito in virt\u00f9 dell&#8217;utilizzo di servizi di cui le terze parti stesse fruiscono. Rispetto a tali cookie inviati da fornitori di servizi delle citate terze parti, Bared Srl non ha la possibilit\u00e0 di esercitare alcun controllo e non ne conosce n\u00e9 le caratteristiche n\u00e9 le finalit\u00e0.<\/p>\n<h3 class=\"mt-5 mb-3\">4. Cookie utilizzati dal sito<\/h3>\n<p>Questo sito utilizza sia cookie tecnici che di profilazione di terze parti.<br \/>\nQui l\u2019elenco dai cookie di profilazione con i relativi link alle informazioni e alle modalit\u00e0 di esercizio del consenso:<\/p>\n<p><b>a) Google<\/b>: <u>https:\/\/www.google.com\/policies\/privacy\/partners\/<\/u><br \/>\n\u2022 Google analytics:\u00a0http:\/\/www.google.it\/intl\/it\/analytics: utilizza cookie analytics al fine di valutare la performance del sito e il traffico effettuato su di esso.<br \/>\n\u2022 Link a privacy policy: https:\/\/support.google.com\/analytics\/answer\/6004245<br \/>\n\u2022 Link pagina di descrizione cookie installati: https:\/\/developers.google.com\/analytics\/devguides\/collection\/analyticsjs\/cookie-usage;<br \/>\n\u2022 Link a pagina di download allo strumento che permette la disabilitazione della installazione di tali cookie: https:\/\/tools.google.com\/dlpage\/gaoptout<\/p>\n<table class=\"table\">\n<tbody>\n<tr>\n<td>Cookie<\/td>\n<td>Conservazione<\/td>\n<td>Descrizione<\/td>\n<\/tr>\n<tr>\n<td>_ga<\/td>\n<td>24 mesi<\/td>\n<td>Utilizzato da Google per distinguere gli utenti<\/td>\n<\/tr>\n<tr>\n<td>_gid<\/td>\n<td>24 ore<\/td>\n<td>Utilizzato da Google per distinguere e gestire gli utenti<\/td>\n<\/tr>\n<tr>\n<td>_gat<\/td>\n<td>1 minuto<\/td>\n<td>Utilizzato per ottimizzare il traffico dati<\/td>\n<\/tr>\n<\/tbody>\n<\/table>\n<p>&nbsp;<\/p>\n<p><b>Altri cookies possibili<\/b><\/p>\n<table class=\"table\">\n<tbody>\n<tr>\n<td>Cookie<\/td>\n<td>Conservazione<\/td>\n<td>Descrizione<\/td>\n<\/tr>\n<tr>\n<td>_utma<\/td>\n<td>2 anni dal momento in cui viene impostato o aggiornato<\/td>\n<td>Utilizzato da Google per distinguere gli utenti e le sessioni<\/td>\n<\/tr>\n<tr>\n<td>_utmt<\/td>\n<td>10 minuti<\/td>\n<td>Utilizzato per ottimizzare il traffico dati<\/td>\n<\/tr>\n<tr>\n<td>_utmb<\/td>\n<td>30 minuti dal momento in cui viene impostato o aggiornato<\/td>\n<td>Utilizzato da Google per distinguere le nuove visite\/sessioni<\/td>\n<\/tr>\n<tr>\n<td>_utmc<\/td>\n<td>Sessione<\/td>\n<td>Utilizzato da Google per distinguere le nuove visite\/sessioni insieme a _utmb<\/td>\n<\/tr>\n<tr>\n<td>_utmz<\/td>\n<td>6 mesi dal momento in cui viene impostato o aggiornato<\/td>\n<td>Memorizza il siti di provenienza dell\u2019utente o in generale come viene raggiunto un determinato sito<\/td>\n<\/tr>\n<tr>\n<td>_utmv<\/td>\n<td>2 anni dal momento in cui viene impostato o aggiornato<\/td>\n<td>Usato per memorizzare dati relativi al comportamento degli utenti<\/td>\n<\/tr>\n<tr>\n<td>gac&lt;property-id&gt;<\/td>\n<td>90 giorni<\/td>\n<td>Contiene informazioni relative alle campagne degli utenti<\/td>\n<\/tr>\n<tr>\n<td>AMP_TOKEN<\/td>\n<td>Da 30 secondi ad 1 anno<\/td>\n<td>Contiene un token che pu\u00f2 essere usato per ottenere un client id da un AMP Client ID service<\/td>\n<\/tr>\n<tr>\n<td>_gcl_au<\/td>\n<td>3 mesi<\/td>\n<td>Utilizzato da google AdSense per testate l\u2019efficienza delle campagne<\/td>\n<\/tr>\n<tr>\n<td>test_cookie<\/td>\n<td>1 giorno<\/td>\n<td>Utilizzato per verificare se il browser dell&#8217;utente supporta i cookie<\/td>\n<\/tr>\n<\/tbody>\n<\/table>\n<p>&nbsp;<\/p>\n<p><b>b) Facebook<\/b>: https:\/\/www.facebook.com\/about\/privacy\/<br \/>\n<b>\u2022 Facebook Remarketing:<\/b> \u00e8 un servizio fornito da Facebook, Inc che utilizza cookie consente di collegare l\u2019attivit\u00e0 di Bared Srl alla rete advertising della piattaforma;<br \/>\n<b>\u2022 Facebook Audience Network<\/b>: \u00e8 un servizio pubblicitario fornito da Facebook, Inc che utilizza cookie di profilazione e raccoglie dati di utilizzo e identificatori univoci di dispositivi per pubblicit\u00e0.<br \/>\nPer disabilitare l\u2019installazione di questi cookie: https:\/\/www.facebook.com\/ads\/preferences\/?entry_product=ad_settings_screen<\/p>\n<table class=\"table\">\n<tbody>\n<tr>\n<td>Cookie<\/td>\n<td>Conservazione<\/td>\n<td>Descrizione<\/td>\n<\/tr>\n<tr>\n<td>_fbp<\/td>\n<td>3 mesi<\/td>\n<td>Utilizzato da Facebook per fornire una seria di prodotti pubblicitari come offerta in tempo reale da inserzionisti terzi<\/td>\n<\/tr>\n<tr>\n<td>fr<\/td>\n<td>3 mesi<\/td>\n<td>Utilizzato da Facebook per fornire una seria di prodotti pubblicitari come offerta in tempo reale da inserzionisti terzi<\/td>\n<\/tr>\n<tr>\n<td>tr<\/td>\n<td>Sessione<\/td>\n<td>Utilizzato da Facebook per fornire una seria di prodotti pubblicitari come offerta in tempo reale da inserzionisti terzi<\/td>\n<\/tr>\n<\/tbody>\n<\/table>\n<p>E\u2019 possibile bloccare o cancellare (in tutto o in parte) i cookie tecnici e di funzionalit\u00e0 attraverso specifiche funzioni del Browser. Tale azione, tuttavia, potrebbe compromettere il buon esito della navigazione<\/p>\n<p>Per avere maggiori informazioni su come impostare le preferenze sull&#8217;uso dei cookie attraverso il Browser, \u00e8 possibile consultare le relative istruzioni:<\/p>\n<p><b>Internet Explorer<\/b>: https:\/\/support.microsoft.com\/it-it\/help\/17442\/windows-internet-explorer-delete-manage-cookies<\/p>\n<p><b>Firefox<\/b>: https:\/\/support.mozilla.org\/it\/kb\/Attivare%20e%20disattivare%20i%20cookie<\/p>\n<p><b>Chrome<\/b>: https:\/\/support.google.com\/chrome\/answer\/95647?hl=it&amp;topic=14666&amp;ctx=topic<\/p>\n<p><b>Opera<\/b>: http:\/\/www.opera.com\/browser\/tutorials\/security\/privacy\/<\/p>\n<p><b>Safari<\/b>: https:\/\/support.apple.com\/kb\/PH21411?viewlocale=it_IT&amp;locale=it_IT<\/p>\n<p><b>Safari (dispositivi mobili)<\/b>: https:\/\/support.apple.com\/it-it\/HT201265<\/p>\n<p><b>Android<\/b>: https:\/\/support.google.com\/chrome\/answer\/2392971?hl=it-IT<\/p>\n<p>Per disabilitare i Cookie di terze parti \u00e8 inoltre possibile utilizzare Your Online Choices, http:\/\/www.youronlinechoices.com\/it\/le-tue-scelte\u00a0un servizio web gestito dall\u2019associazione non-profit European Interactive Digital Advertising Alliance (EDAA) che fornisce informazioni sulla pubblicit\u00e0 comportamentale basata sui Cookie di profilazione e consente agli utenti di opporsi facilmente (opt-out) alla loro installazione. Eliminando tutti i Cookie dal proprio browser o rimuovendoli attraverso servizi come Your Online Choices questi, se di terza parte, saranno inibiti genericamente, non solo nel perimetro di questo sito.<\/p>\n<h3 class=\"mt-5 mb-3\">5. Utilizzo dei dati raccolti dai cookie attivi in questo sito<\/h3>\n<p>L\u2019utilizzo dei dati derivanti dai cookie da parte di Bared Srl, P.IVA 04626700266, con sede legale in Via del Lavoro 47 \u2013 31013 Codogn\u00e8 Z.I. Cimavilla (TV) &#8211; Italia, titolare di questo sito, fa riferimento a quanto descritto sulla Privacy Policy raggiungibile da questo <a href=\"https:\/\/www.bared.it\/privacy-policy\">link<\/a>.<\/p>\n","protected":false},"excerpt":{"rendered":"<p>0. Cosa sono i cookie Il sito bared.it utilizza i cookie per rendere i propri servizi semplici ed efficienti per l\u2019utenza che ne visiona le pagine. I cookie sono piccoli file di testo che i siti visitati dagli utenti inviano ai loro terminali, dove vengono memorizzati dei dati per essere ritrasmessi agli stessi siti in <a href=\"https:\/\/www.bared.it\/en\/cookie-policy\" class=\"more-link\">&#8230;<\/a><\/p>\n","protected":false},"author":1,"featured_media":0,"parent":0,"menu_order":0,"comment_status":"closed","ping_status":"closed","template":"","meta":{"inline_featured_image":false},"acf":[],"yoast_head":"<!-- This site is optimized with the Yoast SEO plugin v20.0 - https:\/\/yoast.com\/wordpress\/plugins\/seo\/ -->\n<title>Cookie policy - Bared<\/title>\n<meta name=\"robots\" content=\"index, follow, max-snippet:-1, max-image-preview:large, max-video-preview:-1\" \/>\n<link rel=\"canonical\" href=\"https:\/\/www.bared.it\/en\/cookie-policy\" \/>\n<meta property=\"og:locale\" content=\"en_US\" \/>\n<meta property=\"og:type\" content=\"article\" \/>\n<meta property=\"og:title\" content=\"Cookie policy - Bared\" \/>\n<meta property=\"og:description\" content=\"0. Cosa sono i cookie Il sito bared.it utilizza i cookie per rendere i propri servizi semplici ed efficienti per l\u2019utenza che ne visiona le pagine. I cookie sono piccoli file di testo che i siti visitati dagli utenti inviano ai loro terminali, dove vengono memorizzati dei dati per essere ritrasmessi agli stessi siti in ...\" \/>\n<meta property=\"og:url\" content=\"https:\/\/www.bared.it\/en\/cookie-policy\" \/>\n<meta property=\"og:site_name\" content=\"Bared\" \/>\n<meta property=\"article:modified_time\" content=\"2023-03-20T17:32:58+00:00\" \/>\n<meta property=\"og:image\" content=\"https:\/\/www.bared.it\/wp-content\/uploads\/2020\/05\/copertina-facebook.jpg\" \/>\n\t<meta property=\"og:image:width\" content=\"1200\" \/>\n\t<meta property=\"og:image:height\" content=\"630\" \/>\n\t<meta property=\"og:image:type\" content=\"image\/jpeg\" \/>\n<meta name=\"twitter:card\" content=\"summary_large_image\" \/>\n<meta name=\"twitter:label1\" content=\"Est. reading time\" \/>\n\t<meta name=\"twitter:data1\" content=\"6 minutes\" \/>\n<script type=\"application\/ld+json\" class=\"yoast-schema-graph\">{\"@context\":\"https:\/\/schema.org\",\"@graph\":[{\"@type\":\"WebPage\",\"@id\":\"https:\/\/www.bared.it\/en\/cookie-policy\",\"url\":\"https:\/\/www.bared.it\/en\/cookie-policy\",\"name\":\"Cookie policy - Bared\",\"isPartOf\":{\"@id\":\"https:\/\/www.bared.it\/#website\"},\"datePublished\":\"2022-09-27T15:55:38+00:00\",\"dateModified\":\"2023-03-20T17:32:58+00:00\",\"breadcrumb\":{\"@id\":\"https:\/\/www.bared.it\/en\/cookie-policy#breadcrumb\"},\"inLanguage\":\"en-US\",\"potentialAction\":[{\"@type\":\"ReadAction\",\"target\":[\"https:\/\/www.bared.it\/en\/cookie-policy\"]}]},{\"@type\":\"BreadcrumbList\",\"@id\":\"https:\/\/www.bared.it\/en\/cookie-policy#breadcrumb\",\"itemListElement\":[{\"@type\":\"ListItem\",\"position\":1,\"name\":\"Home\",\"item\":\"https:\/\/www.bared.it\/en\"},{\"@type\":\"ListItem\",\"position\":2,\"name\":\"Cookie policy\"}]},{\"@type\":\"WebSite\",\"@id\":\"https:\/\/www.bared.it\/#website\",\"url\":\"https:\/\/www.bared.it\/\",\"name\":\"Bared\",\"description\":\"Un nuovo sito targato WordPress\",\"potentialAction\":[{\"@type\":\"SearchAction\",\"target\":{\"@type\":\"EntryPoint\",\"urlTemplate\":\"https:\/\/www.bared.it\/?s={search_term_string}\"},\"query-input\":\"required name=search_term_string\"}],\"inLanguage\":\"en-US\"}]}<\/script>\n<!-- \/ Yoast SEO plugin. -->","yoast_head_json":{"title":"Cookie policy - Bared","robots":{"index":"index","follow":"follow","max-snippet":"max-snippet:-1","max-image-preview":"max-image-preview:large","max-video-preview":"max-video-preview:-1"},"canonical":"https:\/\/www.bared.it\/en\/cookie-policy","og_locale":"en_US","og_type":"article","og_title":"Cookie policy - Bared","og_description":"0. Cosa sono i cookie Il sito bared.it utilizza i cookie per rendere i propri servizi semplici ed efficienti per l\u2019utenza che ne visiona le pagine. I cookie sono piccoli file di testo che i siti visitati dagli utenti inviano ai loro terminali, dove vengono memorizzati dei dati per essere ritrasmessi agli stessi siti in ...","og_url":"https:\/\/www.bared.it\/en\/cookie-policy","og_site_name":"Bared","article_modified_time":"2023-03-20T17:32:58+00:00","og_image":[{"width":1200,"height":630,"url":"https:\/\/www.bared.it\/wp-content\/uploads\/2020\/05\/copertina-facebook.jpg","type":"image\/jpeg"}],"twitter_card":"summary_large_image","twitter_misc":{"Est. reading time":"6 minutes"},"schema":{"@context":"https:\/\/schema.org","@graph":[{"@type":"WebPage","@id":"https:\/\/www.bared.it\/en\/cookie-policy","url":"https:\/\/www.bared.it\/en\/cookie-policy","name":"Cookie policy - Bared","isPartOf":{"@id":"https:\/\/www.bared.it\/#website"},"datePublished":"2022-09-27T15:55:38+00:00","dateModified":"2023-03-20T17:32:58+00:00","breadcrumb":{"@id":"https:\/\/www.bared.it\/en\/cookie-policy#breadcrumb"},"inLanguage":"en-US","potentialAction":[{"@type":"ReadAction","target":["https:\/\/www.bared.it\/en\/cookie-policy"]}]},{"@type":"BreadcrumbList","@id":"https:\/\/www.bared.it\/en\/cookie-policy#breadcrumb","itemListElement":[{"@type":"ListItem","position":1,"name":"Home","item":"https:\/\/www.bared.it\/en"},{"@type":"ListItem","position":2,"name":"Cookie policy"}]},{"@type":"WebSite","@id":"https:\/\/www.bared.it\/#website","url":"https:\/\/www.bared.it\/","name":"Bared","description":"Un nuovo sito targato WordPress","potentialAction":[{"@type":"SearchAction","target":{"@type":"EntryPoint","urlTemplate":"https:\/\/www.bared.it\/?s={search_term_string}"},"query-input":"required name=search_term_string"}],"inLanguage":"en-US"}]}},"_links":{"self":[{"href":"https:\/\/www.bared.it\/en\/wp-json\/wp\/v2\/pages\/1870"}],"collection":[{"href":"https:\/\/www.bared.it\/en\/wp-json\/wp\/v2\/pages"}],"about":[{"href":"https:\/\/www.bared.it\/en\/wp-json\/wp\/v2\/types\/page"}],"author":[{"embeddable":true,"href":"https:\/\/www.bared.it\/en\/wp-json\/wp\/v2\/users\/1"}],"replies":[{"embeddable":true,"href":"https:\/\/www.bared.it\/en\/wp-json\/wp\/v2\/comments?post=1870"}],"version-history":[{"count":4,"href":"https:\/\/www.bared.it\/en\/wp-json\/wp\/v2\/pages\/1870\/revisions"}],"predecessor-version":[{"id":1952,"href":"https:\/\/www.bared.it\/en\/wp-json\/wp\/v2\/pages\/1870\/revisions\/1952"}],"wp:attachment":[{"href":"https:\/\/www.bared.it\/en\/wp-json\/wp\/v2\/media?parent=1870"}],"curies":[{"name":"wp","href":"https:\/\/api.w.org\/{rel}","templated":true}]}}