{"id":1869,"date":"2022-09-27T17:55:33","date_gmt":"2022-09-27T15:55:33","guid":{"rendered":"https:\/\/www.bared.it\/privacy-policy"},"modified":"2023-03-20T18:28:19","modified_gmt":"2023-03-20T17:28:19","slug":"privacy-policy","status":"publish","type":"page","link":"https:\/\/www.bared.it\/en\/privacy-policy","title":{"rendered":"Privacy policy"},"content":{"rendered":"<h3 class=\"mb-3\">PREMESSA<\/h3>\n<p>Il presente documento, redatto ai sensi dell\u2019art.13 del Regolamento UE 679\/2016, descrive il modo in cui il sito web \u201cwww.bared.it\u201d raccoglie e tratta le informazioni personali degli utilizzatori del proprio sito web (di seguito \u201csito\u201d). Questi soggetti, in questa informativa sono identificati congiuntamente con il termine \u201cinteressati\u201d o \u201cutenti\u201d.<br \/>\nLe pratiche qui riassunte sono soggette al Regolamento UE 679\/2016 in materia di protezione dei dati personali (di seguito \u201cRegolamento\u201d).<\/p>\n<h3 class=\"mt-5 mb-3\">TITOLARE DEL TRATTAMENTO<\/h3>\n<p>Il Titolare del Trattamento (di seguito \u201ctitolare\u201d) \u00e8 Bared Srl, con sede legale in Via del Lavoro 47 \u2013 31013 Codogn\u00e8 Z.I. Cimavilla (TV) &#8211; Italia, P.IVA 04626700266.<br \/>\nContatto del titolare: info@bared.it<\/p>\n<h3 class=\"mt-5 mb-3\">INFORMAZIONI RACCOLTE<\/h3>\n<p>Il titolare, per dare la possibilit\u00e0 agli utenti di poter ordinare i prodotti offerti, pu\u00f2 collezionare i seguenti dati:<\/p>\n<p><b>Informazioni fornite dagli utenti<\/b><br \/>\n<u>Profilo utente<\/u>: per accedere ai servizi del sito come utente registrato, viene richiesta l\u2019attivazione di un account. Durante la creazione o la modifica di questo account, possono essere collezionate determinate informazioni come ad esempio nome, cognome, indirizzo e-mail, username e password di accesso.<br \/>\n<u>Contenuti inviati in maniera volontaria dagli utenti<\/u>: possono essere raccolte le informazioni che gli interessati inviano quando contattano i nostri recapiti di assistenza, quando si contatta il titolare attraverso gli appositi form disposti sulle varie pagine del sito web oppure in qualsiasi altro modo.<br \/>\n<u>Recapiti per comunicazioni promozionali<\/u>: verranno raccolti e memorizzati gli indirizzi di posta elettronica degli utenti qualora venga eseguita l\u2019iscrizione al servizio newsletter.<\/p>\n<p><b>Informazioni create durante l\u2019utilizzo dei servizi<\/b><br \/>\n<u>Dati di navigazione<\/u>: durante il normale funzionamento del sito, i sistemi informatici e le procedure software acquisiscono alcuni dati personali la cui trasmissione \u00e8 implicita nell&#8217;uso dei protocolli di comunicazione di Internet. Si tratta di informazioni che non sono raccolte per essere associate a interessati identificati, ma che per loro stessa natura potrebbero, attraverso elaborazioni ed associazioni con dati detenuti da terzi, permettere di identificare gli utenti. In questa categoria di dati rientrano gli indirizzi IP o i nomi a dominio dei computer utilizzati dagli utenti che si connettono al sito, gli indirizzi in notazione URI (Uniform Resource Identifier) delle risorse richieste, l&#8217;orario della richiesta, il metodo utilizzato nel sottoporre la richiesta al server, la dimensione del file ottenuto in risposta, il codice numerico indicante lo stato della risposta data dal server (buon fine, errore, ecc.) ed altri parametri relativi al sistema operativo e all&#8217;ambiente informatico dell&#8217;utente.<br \/>\n<u>Informazioni di utilizzo<\/u>: possono essere raccolte informazioni sul modo in cui gli utenti interagiscono con il sito. Maggiori informazioni sono disponibili nella <a href=\"https:\/\/www.bared.it\/cookie-policy\">Cookie Policy<\/a><\/p>\n<h3 class=\"mt-5 mb-3\">FINALITA\u2019 DEL TRATTAMENTO<\/h3>\n<p>Le informazioni raccolte sono utilizzate per i seguenti scopi:<\/p>\n<p><u>Servizi e funzionalit\u00e0<\/u><br \/>\nIl titolare utilizza le informazioni raccolte per fornire, personalizzare, mantenere e migliorare i propri prodotti. Per perseguire questa finalit\u00e0, vengono svolte tutta una serie di attivit\u00e0 finalizzate a: \u2022 creare e aggiornare gli account;<br \/>\n\u2022 dare la possibilit\u00e0 agli utenti di utilizzare i servizi messi a disposizione attraverso il sito;<br \/>\n\u2022 eseguire le operazioni interne necessarie a manutenere il sito, tra cui la risoluzione dei problemi;<br \/>\n\u2022 dare corso alle normali prassi amministrative e contabili;<br \/>\n\u2022 gestire eventuali emissioni di promozioni e coupon;<br \/>\n\u2022 rispondere alle richieste del cliente.<\/p>\n<p><u>Assistenza clienti<\/u><br \/>\nIl titolare utilizza inoltre le informazioni raccolte per garantire un\u2019efficiente assistenza clienti, ovvero per esaminare e risolvere i problemi segnalati dagli utenti.<\/p>\n<p><u>Procedimenti e requisiti legali<\/u><br \/>\nLe informazioni raccolte possono essere altres\u00ec utilizzate per esaminare o gestire richieste o controversie relative all\u2019utilizzo dei servizi erogati, oppure per assolvere a specifici obblighi legali dettati dal sistema normativo vigente.<\/p>\n<p><u>Campagne promozionali<\/u><br \/>\nLe informazioni collezionate possono essere utilizzate per proporre o mettere in evidenza offerte riferite ai propri prodotti attraverso l\u2019invio di newsletter periodiche o a veicolare campagne attraverso i canali social aziendali pertinenti alle preferenze dell\u2019utente.<\/p>\n<h3 class=\"mt-5 mb-3\">COMUNICAZIONI DI DATI<\/h3>\n<p>Per permettere le operazioni necessarie alla fornitura dei propri prodotti, le informazioni raccolte possono essere condivise:<\/p>\n<p><u>Con i fornitori di servizi<\/u><br \/>\nIl titolare potrebbe condividere le informazioni con fornitori, consulenti e altri fornitori di servizi o partner aziendali. In queste categorie di soggetti, sono inclusi, tra gli altri:<br \/>\n\u2022 fornitori di spazio di archiviazione su cloud;<br \/>\n\u2022 fornitori che assistono il titolare nello sviluppare e nell\u2019ottimizzare la sicurezza del sito;<br \/>\n\u2022 consulenti, avvocati, contabili e altri fornitori di servizi professionali;<br \/>\n\u2022 persone autorizzate dal titolare al trattamento dei dati.<\/p>\n<p><u>Per motivi legali o in caso di controversia<\/u><br \/>\nIl titolare pu\u00f2 condividere informazioni, se necessario, in base alle leggi, alle normative, agli accordi operativi, ai procedimenti legali o alle richieste governative applicabili o nei casi in cui la divulgazione di suddette informazioni si riveli necessaria per motivi di sicurezza o per altri motivi analoghi.<br \/>\nE\u2019 inclusa la condivisione di dati con le forze dell&#8217;ordine e le autorit\u00e0 giudiziarie.<\/p>\n<p>In riferimento a quanto espresso alla sezione corrente, informiamo che \u00e8 possibile consultare la lista aggiornata dei responsabili del trattamento presso la sede del titolare, o chiederne copia attraverso i recapiti indicati alla sezione 1 del presente documento.<\/p>\n<h3 class=\"mt-5 mb-3\">TRASFERIMENTO DI DATI ALL\u2019ESTERO<\/h3>\n<p>Il titolare informa che i dati personali degli interessati non sono oggetto di trasferimento al di fuori dell\u2019Unione Europea. Resta in ogni caso inteso che il titolare, ove si rendesse necessario, avr\u00e0 la facolt\u00e0 di trasferire i dati in Unione Europea e\/o in paesi extra UE. In tal caso, il titolare assicura sin d\u2019ora che il trasferimento dei dati extra UE avverr\u00e0 in conformit\u00e0 alle disposizioni di legge applicabili stipulando, se necessario, accordi che garantiscano un livello di protezione adeguato e\/o adottando le clausole contrattuali standard previste dalla Commissione Europea e\/o norme vincolanti d\u2019impresa.<\/p>\n<h3 class=\"mt-5 mb-3\">MODALIT\u00c0 DI UTILIZZO E CONSERVAZIONE<\/h3>\n<p>Il sito utilizza le informazioni del profilo dell\u2019utente per offrire i suoi servizi e le conserva fino a quando l\u2019account resta attivo.<br \/>\nIl titolare conserva le informazioni, per 10 anni in conformit\u00e0 con gli obblighi normativi ed altri requisiti in vigore nel paese in cui opera. Al termine del periodo di cui sopra o qualora tali informazioni non fossero pi\u00f9 necessarie per le finalit\u00e0 esposte in precedenza, il titolare adotter\u00e0 le misure necessarie per impedirne l\u2019accesso o l\u2019utilizzo per qualsiasi scopo.<br \/>\nGli interessati possono procedere all\u2019eliminazione del proprio account e in seguito a tale richiesta, il titolare provveder\u00e0 all\u2019eliminazione delle informazioni che non \u00e8 tenuto a conservare, rendendo anonime, ove possibile, quelle non cancellabili.<br \/>\nI contatti necessari all\u2019invio di informazioni promozionali, saranno conservati per un massimo di 24 mesi.<\/p>\n<h3 class=\"mt-5 mb-3\">BASI GIURIDICHE PER IL TRATTAMENTO DEI DATI<\/h3>\n<p>Le informazioni personali raccolte vengono elaborate sulla base di una o pi\u00f9 basi giuridiche specificate nel Regolamento:<br \/>\n<u>L\u2019elaborazione dei dati \u00e8 necessaria per fornire i servizi richiesti dagli interessati:<\/u><br \/>\nIl titolare deve raccogliere e utilizzare le seguenti informazioni per poter offrire i suoi servizi:<br \/>\n\u2022 informazioni di profilo necessarie alla creazione e alla gestione dell\u2019account;<br \/>\n\u2022 informazioni sull\u2019utilizzo, necessarie alla gestione, all\u2019ottimizzazione e al miglioramento dei servizi erogati.<br \/>\nIl conferimento e l\u2019utilizzo di questi dati \u00e8 un requisito necessario per fruire dei servizi offerti.<\/p>\n<p><u>L\u2019elaborazione dei dati \u00e8 necessaria all\u2019adempimento di obblighi contrattuali o misure precontrattuali a favore dell\u2019interessato.<\/u><br \/>\nIl titolare deve raccogliere, utilizzare e processare le seguenti informazioni per poter soddisfare una richiesta avanzata dall\u2019utente del sito:<br \/>\n\u2022 informazioni di contatto necessarie a rispondere alle richieste avanzate dall\u2019utente;<br \/>\nIl conferimento e l\u2019utilizzo di questi dati \u00e8 un requisito necessario per fruire dei servizi richiesti.<\/p>\n<p><u>L\u2019elaborazione dei dati \u00e8 necessaria per i legittimi interessi del titolare<\/u><br \/>\nIl titolare raccoglie e utilizza le informazioni personali nella misura necessaria per i suoi legittimi interessi. Tali informazioni servono:<br \/>\n\u2022 per far valere un proprio diritto in sede di procedimento legale;<br \/>\n\u2022 per fornire assistenza all\u2019utente;<br \/>\n\u2022 per migliorare i servizi e svilupparne di nuovi;<br \/>\n\u2022 per fini di ricerca e analisi. \u00c8 inclusa, ad esempio, l\u2019analisi dei trend di utilizzo per migliorare l\u2019esperienza utente, aumentare la sicurezza e la protezione del sito.<\/p>\n<p><u>L\u2019elaborazione dei dati \u00e8 necessaria per adempiere agli obblighi legali<\/u><br \/>\nIl titolare potrebbe essere obbligato dal sistema normativo vigente a raccogliere, elaborare, divulgare e conservare i dati personali raccolti.<br \/>\nIl titolare pu\u00f2 inoltre condividere informazioni con le forze dell&#8217;ordine e le autorit\u00e0 giudiziarie o a seguito di richieste da parte di terzi nell\u2019ambito di procedimenti legali.<\/p>\n<p><u>L\u2019elaborazione dei dati \u00e8 subordinata al consenso dell\u2019interessato<\/u><br \/>\nE\u2019 necessario per l\u2019utente esprimere un consenso specifico ed esplicito per poter usufruire di ciascuno dei seguenti servizi:<br \/>\n\u2022 ricezione di newsletter promozionali;<br \/>\n\u2022 ricezione di avvisi promozionali personalizzati attraverso i canali social gestiti dal titolare (per maggiori informazioni a riguardo fare riferimento alla cookie policy).<\/p>\n<p><u>Soft Spam<\/u><br \/>\nIl titolare informa che, conformemente all\u2019art. 130 del Codice Privacy (d.lgs 196\/2003 e successive modificazioni), potr\u00e0 utilizzare il contatto di posta elettronica o l\u2019indirizzo dei clienti per l\u2019invio di comunicazioni promozionali mediante e-mail o posta tradizionale relativi alla pubblicizzazione di prodotti e\/o servizi analoghi a quelli gi\u00e0 in precedenza acquistati. Per tale finalit\u00e0 non \u00e8 previsto il consenso esplicito da parte dell\u2019utente che tuttavia potr\u00e0, in qualsiasi momento, esercitare il proprio diritto ad opporsi a questo tipo di trattamento.<\/p>\n<h3 class=\"mt-5 mb-3\">DIRITTI DEGLI INTERESSATI<\/h3>\n<p>L\u2019interessato ha il diritto di chiedere al titolare, in qualunque momento, l&#8217;accesso ai suoi Dati Personali, la rettifica o la cancellazione degli stessi o di opporsi al loro trattamento; ha diritto di richiedere la limitazione del trattamento nei casi previsti dall&#8217;art. 18 del Regolamento, nonch\u00e9 di ottenere in un formato strutturato, di uso comune e leggibile da dispositivo automatico i dati che lo riguardano, nei casi previsti dall&#8217;art. 20 del Regolamento.<\/p>\n<p>Per l\u2019esercizio dei diritti sopra esposti, o per qualsiasi domanda o chiarimento sulla presente privacy policy, si potranno utilizzare i contatti forniti nella presente informativa.<br \/>\nIl titolare, provveder\u00e0 senza ritardo a fornire idoneo riscontro entro un termine non superiore a mesi 1. Nei casi di particolare complessit\u00e0, il termine per la risposta, a norma del Regolamento, pu\u00f2 essere di mesi 3. In ogni caso il titolare informer\u00e0 l\u2019interessato entro mesi 1 dalla richiesta, anche per comunicarne il diniego nei casi specificatamente contemplati dalle disposizioni vigenti.<\/p>\n<h3 class=\"mt-5 mb-3\">DIRITTO DI PORRE RECLAMO ALL\u2019AUTORITA\u2019 DI CONTROLLO<\/h3>\n<p>Si informa altres\u00ec che ai sensi degli dell\u2019art. 77 del Reg. UE 679\/2016, ove ritenesse lesi i propri diritti, gli interessati possono rivolgersi al Garante per la protezione dei dati personali nonch\u00e9 all\u2019autorit\u00e0 giudiziaria ordinaria.<\/p>\n<h3 class=\"mt-5 mb-3\">AGGIORNAMENTO DELL\u2019INFORMATIVA<\/h3>\n<p>Il titolare pu\u00f2 aggiornare occasionalmente la presente informativa.<br \/>\nNella misura consentita dalle leggi in vigore, utilizzando i servizi del sito, dopo tale comunicazione verranno implicitamente accettati gli aggiornamenti proposti.<br \/>\nIl titolare invita a consultare periodicamente il presente documento per rimanere aggiornati sulle proprie procedure per la protezione dei dati.<\/p>\n","protected":false},"excerpt":{"rendered":"<p>PREMESSA Il presente documento, redatto ai sensi dell\u2019art.13 del Regolamento UE 679\/2016, descrive il modo in cui il sito web \u201cwww.bared.it\u201d raccoglie e tratta le informazioni personali degli utilizzatori del proprio sito web (di seguito \u201csito\u201d). Questi soggetti, in questa informativa sono identificati congiuntamente con il termine \u201cinteressati\u201d o \u201cutenti\u201d. Le pratiche qui riassunte sono <a href=\"https:\/\/www.bared.it\/en\/privacy-policy\" class=\"more-link\">&#8230;<\/a><\/p>\n","protected":false},"author":1,"featured_media":0,"parent":0,"menu_order":0,"comment_status":"closed","ping_status":"closed","template":"","meta":{"inline_featured_image":false},"acf":[],"yoast_head":"<!-- This site is optimized with the Yoast SEO plugin v20.0 - https:\/\/yoast.com\/wordpress\/plugins\/seo\/ -->\n<title>Privacy policy - Bared<\/title>\n<meta name=\"robots\" content=\"index, follow, max-snippet:-1, max-image-preview:large, max-video-preview:-1\" \/>\n<link rel=\"canonical\" href=\"https:\/\/www.bared.it\/en\/privacy-policy\" \/>\n<meta property=\"og:locale\" content=\"en_US\" \/>\n<meta property=\"og:type\" content=\"article\" \/>\n<meta property=\"og:title\" content=\"Privacy policy - Bared\" \/>\n<meta property=\"og:description\" content=\"PREMESSA Il presente documento, redatto ai sensi dell\u2019art.13 del Regolamento UE 679\/2016, descrive il modo in cui il sito web \u201cwww.bared.it\u201d raccoglie e tratta le informazioni personali degli utilizzatori del proprio sito web (di seguito \u201csito\u201d). Questi soggetti, in questa informativa sono identificati congiuntamente con il termine \u201cinteressati\u201d o \u201cutenti\u201d. Le pratiche qui riassunte sono ...\" \/>\n<meta property=\"og:url\" content=\"https:\/\/www.bared.it\/en\/privacy-policy\" \/>\n<meta property=\"og:site_name\" content=\"Bared\" \/>\n<meta property=\"article:modified_time\" content=\"2023-03-20T17:28:19+00:00\" \/>\n<meta property=\"og:image\" content=\"https:\/\/www.bared.it\/wp-content\/uploads\/2020\/05\/copertina-facebook.jpg\" \/>\n\t<meta property=\"og:image:width\" content=\"1200\" \/>\n\t<meta property=\"og:image:height\" content=\"630\" \/>\n\t<meta property=\"og:image:type\" content=\"image\/jpeg\" \/>\n<meta name=\"twitter:card\" content=\"summary_large_image\" \/>\n<meta name=\"twitter:label1\" content=\"Est. reading time\" \/>\n\t<meta name=\"twitter:data1\" content=\"10 minutes\" \/>\n<script type=\"application\/ld+json\" class=\"yoast-schema-graph\">{\"@context\":\"https:\/\/schema.org\",\"@graph\":[{\"@type\":\"WebPage\",\"@id\":\"https:\/\/www.bared.it\/en\/privacy-policy\",\"url\":\"https:\/\/www.bared.it\/en\/privacy-policy\",\"name\":\"Privacy policy - Bared\",\"isPartOf\":{\"@id\":\"https:\/\/www.bared.it\/#website\"},\"datePublished\":\"2022-09-27T15:55:33+00:00\",\"dateModified\":\"2023-03-20T17:28:19+00:00\",\"breadcrumb\":{\"@id\":\"https:\/\/www.bared.it\/en\/privacy-policy#breadcrumb\"},\"inLanguage\":\"en-US\",\"potentialAction\":[{\"@type\":\"ReadAction\",\"target\":[\"https:\/\/www.bared.it\/en\/privacy-policy\"]}]},{\"@type\":\"BreadcrumbList\",\"@id\":\"https:\/\/www.bared.it\/en\/privacy-policy#breadcrumb\",\"itemListElement\":[{\"@type\":\"ListItem\",\"position\":1,\"name\":\"Home\",\"item\":\"https:\/\/www.bared.it\/en\"},{\"@type\":\"ListItem\",\"position\":2,\"name\":\"Privacy policy\"}]},{\"@type\":\"WebSite\",\"@id\":\"https:\/\/www.bared.it\/#website\",\"url\":\"https:\/\/www.bared.it\/\",\"name\":\"Bared\",\"description\":\"Un nuovo sito targato WordPress\",\"potentialAction\":[{\"@type\":\"SearchAction\",\"target\":{\"@type\":\"EntryPoint\",\"urlTemplate\":\"https:\/\/www.bared.it\/?s={search_term_string}\"},\"query-input\":\"required name=search_term_string\"}],\"inLanguage\":\"en-US\"}]}<\/script>\n<!-- \/ Yoast SEO plugin. -->","yoast_head_json":{"title":"Privacy policy - Bared","robots":{"index":"index","follow":"follow","max-snippet":"max-snippet:-1","max-image-preview":"max-image-preview:large","max-video-preview":"max-video-preview:-1"},"canonical":"https:\/\/www.bared.it\/en\/privacy-policy","og_locale":"en_US","og_type":"article","og_title":"Privacy policy - Bared","og_description":"PREMESSA Il presente documento, redatto ai sensi dell\u2019art.13 del Regolamento UE 679\/2016, descrive il modo in cui il sito web \u201cwww.bared.it\u201d raccoglie e tratta le informazioni personali degli utilizzatori del proprio sito web (di seguito \u201csito\u201d). Questi soggetti, in questa informativa sono identificati congiuntamente con il termine \u201cinteressati\u201d o \u201cutenti\u201d. Le pratiche qui riassunte sono ...","og_url":"https:\/\/www.bared.it\/en\/privacy-policy","og_site_name":"Bared","article_modified_time":"2023-03-20T17:28:19+00:00","og_image":[{"width":1200,"height":630,"url":"https:\/\/www.bared.it\/wp-content\/uploads\/2020\/05\/copertina-facebook.jpg","type":"image\/jpeg"}],"twitter_card":"summary_large_image","twitter_misc":{"Est. reading time":"10 minutes"},"schema":{"@context":"https:\/\/schema.org","@graph":[{"@type":"WebPage","@id":"https:\/\/www.bared.it\/en\/privacy-policy","url":"https:\/\/www.bared.it\/en\/privacy-policy","name":"Privacy policy - Bared","isPartOf":{"@id":"https:\/\/www.bared.it\/#website"},"datePublished":"2022-09-27T15:55:33+00:00","dateModified":"2023-03-20T17:28:19+00:00","breadcrumb":{"@id":"https:\/\/www.bared.it\/en\/privacy-policy#breadcrumb"},"inLanguage":"en-US","potentialAction":[{"@type":"ReadAction","target":["https:\/\/www.bared.it\/en\/privacy-policy"]}]},{"@type":"BreadcrumbList","@id":"https:\/\/www.bared.it\/en\/privacy-policy#breadcrumb","itemListElement":[{"@type":"ListItem","position":1,"name":"Home","item":"https:\/\/www.bared.it\/en"},{"@type":"ListItem","position":2,"name":"Privacy policy"}]},{"@type":"WebSite","@id":"https:\/\/www.bared.it\/#website","url":"https:\/\/www.bared.it\/","name":"Bared","description":"Un nuovo sito targato WordPress","potentialAction":[{"@type":"SearchAction","target":{"@type":"EntryPoint","urlTemplate":"https:\/\/www.bared.it\/?s={search_term_string}"},"query-input":"required name=search_term_string"}],"inLanguage":"en-US"}]}},"_links":{"self":[{"href":"https:\/\/www.bared.it\/en\/wp-json\/wp\/v2\/pages\/1869"}],"collection":[{"href":"https:\/\/www.bared.it\/en\/wp-json\/wp\/v2\/pages"}],"about":[{"href":"https:\/\/www.bared.it\/en\/wp-json\/wp\/v2\/types\/page"}],"author":[{"embeddable":true,"href":"https:\/\/www.bared.it\/en\/wp-json\/wp\/v2\/users\/1"}],"replies":[{"embeddable":true,"href":"https:\/\/www.bared.it\/en\/wp-json\/wp\/v2\/comments?post=1869"}],"version-history":[{"count":4,"href":"https:\/\/www.bared.it\/en\/wp-json\/wp\/v2\/pages\/1869\/revisions"}],"predecessor-version":[{"id":1944,"href":"https:\/\/www.bared.it\/en\/wp-json\/wp\/v2\/pages\/1869\/revisions\/1944"}],"wp:attachment":[{"href":"https:\/\/www.bared.it\/en\/wp-json\/wp\/v2\/media?parent=1869"}],"curies":[{"name":"wp","href":"https:\/\/api.w.org\/{rel}","templated":true}]}}